{"id":1964,"date":"2016-05-19T12:24:04","date_gmt":"2016-05-19T12:24:04","guid":{"rendered":"http:\/\/demo.goodlayers.com\/infinite\/homepages\/finance\/?page_id=1281"},"modified":"2025-11-12T11:03:12","modified_gmt":"2025-11-12T10:03:12","slug":"steco-centar-kontakti","status":"publish","type":"page","link":"https:\/\/www.stecocentar.com\/de\/steco-centar-kontakti\/","title":{"rendered":"KONTAKTIERE UNS"},"content":{"rendered":"<p style=\"text-align: center;\"><em>Wenn Sie sich entscheiden, unser Unternehmen zu kontaktieren <a href=\"https:\/\/www.stecocentar.com\/de\/\">STECO CENTAR d.o.o.<\/a> <\/em><br \/>\n<em>oder einer unserer Vertretungen im Ausland,<br \/>\nUnsere Kontakte finden Sie auf dieser Seite.<\/em><\/p>","protected":false},"excerpt":{"rendered":"<p>Ukoliko se odlu\u010dite da kontaktirate na\u0161u komapniju STECO CENTAR d.o.o. ili nekog od na\u0161ih predstavnika u inostranstvu, na\u0161i kontakti se nalaze na ovoj stranici.<\/p>","protected":false},"author":5,"featured_media":10110,"parent":0,"menu_order":0,"comment_status":"closed","ping_status":"closed","template":"","meta":{"rs_blank_template":"","rs_page_bg_color":"","slide_template_v7":"","footnotes":""},"class_list":["post-1964","page","type-page","status-publish","has-post-thumbnail","hentry"],"_links":{"self":[{"href":"https:\/\/www.stecocentar.com\/de\/wp-json\/wp\/v2\/pages\/1964","targetHints":{"allow":["GET"]}}],"collection":[{"href":"https:\/\/www.stecocentar.com\/de\/wp-json\/wp\/v2\/pages"}],"about":[{"href":"https:\/\/www.stecocentar.com\/de\/wp-json\/wp\/v2\/types\/page"}],"author":[{"embeddable":true,"href":"https:\/\/www.stecocentar.com\/de\/wp-json\/wp\/v2\/users\/5"}],"replies":[{"embeddable":true,"href":"https:\/\/www.stecocentar.com\/de\/wp-json\/wp\/v2\/comments?post=1964"}],"version-history":[{"count":5,"href":"https:\/\/www.stecocentar.com\/de\/wp-json\/wp\/v2\/pages\/1964\/revisions"}],"predecessor-version":[{"id":10269,"href":"https:\/\/www.stecocentar.com\/de\/wp-json\/wp\/v2\/pages\/1964\/revisions\/10269"}],"wp:featuredmedia":[{"embeddable":true,"href":"https:\/\/www.stecocentar.com\/de\/wp-json\/wp\/v2\/media\/10110"}],"wp:attachment":[{"href":"https:\/\/www.stecocentar.com\/de\/wp-json\/wp\/v2\/media?parent=1964"}],"curies":[{"name":"wp","href":"https:\/\/api.w.org\/{rel}","templated":true}]}}