{"id":3,"date":"2022-12-16T10:37:25","date_gmt":"2022-12-16T09:37:25","guid":{"rendered":"https:\/\/www.stecocentar.com\/?page_id=3"},"modified":"2024-05-27T08:14:33","modified_gmt":"2024-05-27T06:14:33","slug":"uslovi-koristenja","status":"publish","type":"page","link":"https:\/\/www.stecocentar.com\/de\/uslovi-koristenja\/","title":{"rendered":"NUTZUNGSBEDINGUNGEN"},"content":{"rendered":"<h2 class=\"wp-block-heading\">Wer sind wir?<\/h2>\r\n<p><b>Unsere Webadresse ist<\/b>:\u00a0<a href=\"https:\/\/www.stecocentar.com\/de\/\">https:\/\/www.stecocentar.com\/<\/a><\/p>\r\n<p>&nbsp;<\/p>\r\n<p><b>Unsere Marke (Logo) ist<\/b>:<\/p>\r\n<p><a href=\"https:\/\/www.stecocentar.com\/de\/\"><img loading=\"lazy\" decoding=\"async\" class=\"wp-image-4335 size-full\" src=\"https:\/\/www.stecocentar.com\/wp-content\/uploads\/2022\/12\/Steco-Centar-Logo-2.png\" alt=\"Steco Centar Logo Novi\" width=\"346\" height=\"93\" srcset=\"https:\/\/www.stecocentar.com\/wp-content\/uploads\/2022\/12\/Steco-Centar-Logo-2.png 346w, https:\/\/www.stecocentar.com\/wp-content\/uploads\/2022\/12\/Steco-Centar-Logo-2-300x81.png 300w\" sizes=\"auto, (max-width: 346px) 100vw, 346px\" \/><\/a><\/p>\r\n<p>&nbsp;<\/p>\r\n<h2>Bemerkungen<\/h2>\r\n<p>Wenn Besucher Kommentare auf der Website hinterlassen, erfassen wir die im Kommentarformular angezeigten Daten sowie die IP-Adresse des Besuchers und die Zeichenfolge des Browser-Benutzeragenten, um Spam zu erkennen.<\/p>\r\n<p>Eine aus Ihrer E-Mail-Adresse erstellte anonymisierte Zeichenfolge (auch als Hash bezeichnet) kann an den Gravatar-Dienst \u00fcbermittelt werden, um festzustellen, ob Sie sie verwenden. Die Datenschutzerkl\u00e4rung des Gravatar-Dienstes finden Sie hier: https:\/\/automattic.com\/privaci\/. Nachdem Ihr Kommentar genehmigt wurde, ist Ihr Profilbild f\u00fcr die \u00d6ffentlichkeit im Kontext Ihres Kommentars sichtbar.<\/p>\r\n<p>&nbsp;<\/p>\r\n<p>&nbsp;<\/p>\r\n<h2>Medien<\/h2>\r\n<p class=\"translation-block\"><strong>Urheberrecht:\u00a0<\/strong>Der gesamte urheberrechtlich gesch\u00fctzte Inhalt, einschlie\u00dflich Grafiken, Texten, Programmen und anderen Materialien, ist durch das aktuelle Urheberrechts- und verwandte Schutzgesetz gesch\u00fctzt. Falls Sie Inhalte von Steco-Sites<br>unabh\u00e4ngig von den Medien (elektronische, gedruckte oder Internet-Medien) ver\u00f6ffentlichen m\u00f6chten, ist die vorherige schriftliche Zustimmung des Steco Centers zwingend erforderlich. Die nicht autorisierte Verwendung wird als Verletzung der Urheberrechte von Steco betrachtet und kann rechtliche Schritte nach sich ziehen. Einige Informationen von der Steco-Website k\u00f6nnen in angemessener Form \u00fcbertragen werden und es kann in angemessener Form klar angegeben werden, dass diese Informationen von der Website www.stecocentar.com \u00fcbernommen wurden. \u201c sowie mit der weiteren Verpflichtung, das Gesetz zum Urheberrecht und verwandten Schutzrechten einzuhalten. Alle Materialien auf unserer Website sind ausschlie\u00dflich unser Eigentum, ihre Verwendung, unbefugte Vervielf\u00e4ltigung und Ver\u00f6ffentlichung ist strengstens verboten und strafbar.<\/p>\r\n<p>&nbsp;<\/p>\r\n<p>&nbsp;<\/p>\r\n<h2>Cookies<\/h2>\r\n<p>Um die Nutzung unserer Website zu erleichtern, verwenden wir das System \u201eCookies\u201c. Dies sind kleine Dateneinheiten, die f\u00fcr die Nutzung unserer Website erforderlich sind und die Ihr Browser tempor\u00e4r auf der Festplatte Ihres Computers speichert. Die in \u201eCookies\u201c enthaltenen Informationen dienen unter anderem vor allem der verbesserten Navigation und erm\u00f6glichen eine reibungslose Nutzung unserer Seite. Die von uns verwendeten Cookies enthalten keine gespeicherten personenbezogenen Daten. Die meisten Browser akzeptieren Cookies automatisch. Sie k\u00f6nnen dies vermeiden, indem Sie Ihre Browsereinstellungen \u00e4ndern. Auf Ihrem Computer gespeicherte \u201eCookies\u201c k\u00f6nnen Sie jederzeit durch L\u00f6schen von tempor\u00e4ren Internetdateien entfernen (\u201eExtras\u201c \u2013 \u201eInternetoptionen\u201c in der Browserleiste).<\/p>\r\n<p>&nbsp;<\/p>\r\n<p>&nbsp;<\/p>\r\n<h2>Inhalte von sozialen Netzwerken und anderen Websites<\/h2>\r\n<p class=\"translation-block\">Unsere Website kann Plugins des sozialen Netzwerks Facebook enthalten. com, betrieben von Facebook Inc., 1601 S California Avenue, Palo Alto, CA 94303, USA (Facebook). Dabei kann es sich insbesondere um Add-Ons wie den \u201eGef\u00e4llt mir\u201c- oder \u201eGef\u00e4llt mir\u201c-Button von Facebook oder \u00e4hnliches handeln. Wenn Sie eine unserer mit einem solchen Plugin ausgestatteten Webseiten aufrufen, baut Ihr Internetbrowser eine direkte Verbindung mit dem Facebook-Server auf und dabei wird das Plugin durch Mitteilung an Ihren Browser auf dem Bildschirm dargestellt. Das Plugin teilt dem Facebook-Server mit, welche unserer Seiten Sie besucht haben. Wenn Sie ein Facebook-Profil haben und in Ihrem Facebook-Benutzerkonto eingeloggt sind, ordnet Facebook diese Information Ihrem Facebook-Benutzerkonto zu, wenn Sie unsere Website besuchen. Bei der Nutzung der Plugin-Funktionen (zB Anklicken des Like-Buttons, Hinterlassen eines Kommentars) werden auch diese Informationen an Ihr Benutzerkonto auf Facebook \u00fcbermittelt. N\u00e4here Informationen zur Erhebung und Nutzung der Daten durch Facebook, \u00fcber Ihre diesbez\u00fcglichen Rechte und M\u00f6glichkeiten zum Schutz Ihrer Privatsph\u00e4re finden Sie <br>in den Datenschutzhinweisen von Facebook. Um zu verhindern, dass Facebook den Besuch unserer Website Ihrem Facebook-Konto zuordnet, m\u00fcssen Sie sich vor dem Besuch unserer Website aus Ihrem Facebook-Konto ausloggen. \u00c4hnliche Bedingungen gelten f\u00fcr andere Netzwerke, die auf unseren Websites aufgef\u00fchrt sind.<\/p>\r\n<p>&nbsp;<\/p>\r\n<p>Diese Websites k\u00f6nnen Daten \u00fcber Sie sammeln, Cookies verwenden, zus\u00e4tzliches Tracking von Drittanbietern einbetten und Ihre Interaktion mit diesen eingebetteten Inhalten \u00fcberwachen, einschlie\u00dflich der Verfolgung Ihrer Interaktion mit den eingebetteten Inhalten, wenn Sie ein Konto haben und auf dieser Website angemeldet sind.<\/p>\r\n<p>&nbsp;<\/p>\r\n<p>&nbsp;<\/p>\r\n<h2>Erhebung und Verwendung personenbezogener Daten<\/h2>\r\n<p class=\"translation-block\">Personenbezogene Daten zur Verarbeitung und Nutzung werden von uns nur erhoben, wenn Sie sich freiwillig f\u00fcr die Eingabe dieser Daten entscheiden oder ausdr\u00fccklich Ihr Einverst\u00e4ndnis dazu erteilen. Wir verwenden Ihre personenbezogenen Daten ausschlie\u00dflich zu dem Zweck, Ihnen Produkte und Dienstleistungen anzubieten, die Sie interessieren und zu unserem Gesch\u00e4ft geh\u00f6ren. Indem Sie diese Art der Einwilligung erteilen, akzeptieren Sie die folgenden Nutzungsbedingungen. Wenn Sie unsere Website besuchen, werden einige Daten automatisch auf unseren Servern gespeichert, um die Anforderungen des Systemmanagements zu erf\u00fcllen, z. B. f\u00fcr statistische Zwecke oder zum Zwecke der Erstellung einer Sicherungskopie. Diese Daten beinhalten den Namen Ihres Internet Service Providers, ggf. Ihre IP-Adresse, die Version Ihrer Browsersoftware, das Betriebssystem des Computers, mit dem auf unsere Website zugegriffen wird, die Website, die Sie bei uns besuchen, die Websites, die Sie bei uns besuchen mit uns in Kontakt sind und, falls in der jeweiligen Situation zutreffend, alle W\u00f6rter, anhand derer Sie gesucht haben, um auf unsere Website zu gelangen. Aus diesen Daten k\u00f6nnen unter Umst\u00e4nden bestimmte R\u00fcckschl\u00fcsse auf einige Website-Besucher gezogen werden. Dabei werden jedoch keine personenbezogenen Daten verwendet. Diese Daten werden ausschlie\u00dflich verwendet, da sie anonym eingegeben wurden. Wenn Steco Daten an einen externen Anbieter \u00fcbermittelt, werden technische oder organisatorische Ma\u00dfnahmen ergriffen, um sicherzustellen, dass diese Daten\u00fcbertragung in \u00dcbereinstimmung mit dem Gesetz zum Schutz personenbezogener Daten erfolgt. Wenn Sie uns Ihre personenbezogenen Daten freiwillig zur Verf\u00fcgung stellen, werden wir diese Daten nicht au\u00dferhalb des gesetzlich zul\u00e4ssigen oder von Ihnen in Ihrer Einwilligungserkl\u00e4rung definierten Umfangs nutzen, verarbeiten oder \u00fcbermitteln. Dar\u00fcber hinaus geben wir Ihre Daten nur dann weiter, wenn wir aufgrund einer beh\u00f6rdlichen oder gerichtlichen Anordnung dazu verpflichtet sind.<br>\u00c4nderungen dieser Datenschutzerkl\u00e4rung werden auf dieser Seite bekannt gegeben. Dadurch k\u00f6nnen Sie zeitnah dar\u00fcber informiert werden, welche Daten wir speichern und wie wir diese Daten erheben und verwenden.<\/p>\r\n<p>&nbsp;<\/p>\r\n<p>&nbsp;<\/p>\r\n<h2>Sicherheit<\/h2>\r\n<p>Steco speichert Ihre Daten absolut sicher und ergreift daher alle notwendigen Ma\u00dfnahmen, um Ihre Daten vor Verlust, Missbrauch oder Ver\u00e4nderung zu sch\u00fctzen. Die Vertragspartner von Steco, die Zugriff auf Ihre Daten haben, um Ihnen im Auftrag von Steco eine bestimmte Dienstleistung zu erbringen, sind vertraglich verpflichtet, alle diese Daten vertraulich zu behandeln und d\u00fcrfen sie nicht f\u00fcr andere Zwecke verwenden. In einigen F\u00e4llen ist es erforderlich, dass wir Ihre Anfragen an verbundene Unternehmen von Steco weiterleiten. Auch in diesen F\u00e4llen werden Ihre Daten vertraulich behandelt.<\/p>\r\n<h2>\u00a0<\/h2>\r\n<h2>Ihre W\u00fcnsche und Anliegen - Ihr Datenschutzbeauftragter<\/h2>\r\n<p>Die gespeicherten Daten werden von Steco nach Ablauf der gesetzlichen Frist oder nach Ablauf der vertraglichen Aufbewahrungsfrist gel\u00f6scht oder wenn Steco sie nicht mehr ben\u00f6tigt. Selbstverst\u00e4ndlich k\u00f6nnen Sie jederzeit die L\u00f6schung der Sie betreffenden Daten verlangen. Au\u00dferdem haben Sie das Recht, eine erteilte Einwilligung zur Verarbeitung Ihrer personenbezogenen Daten f\u00fcr die Zukunft jederzeit zu widerrufen. Wenn Sie in diesen F\u00e4llen andere W\u00fcnsche bez\u00fcglich der Daten zu Ihrer Person haben, senden Sie bitte eine E-Mail an unsere Adresse. Wir bitten Sie auch, sich auf diesem Weg mit uns in Verbindung zu setzen, wenn Sie wissen m\u00f6chten, ob wir Daten \u00fcber Sie erhoben haben und wenn ja, um welche Daten es sich handelt. Wir werden Ihre Frage umgehend beantworten.<\/p>\r\n<p>&nbsp;<\/p>\r\n<p>&nbsp;<\/p>\r\n<h2>E-Mail Regeln<\/h2>\r\n<p class=\"translation-block\">Jede E-Mail mit Anh\u00e4ngen, die \u00fcber den Server von Steco Centar d.o.o. zirkuliert. (im Folgenden zusammen: Poruka) ist Eigentum von Steco Centar d.o.o. (im Folgenden: SC) und ist ausschlie\u00dflich f\u00fcr den\/die Empf\u00e4nger bestimmt, an die sie adressiert ist\/sind. Falls Sie glauben, dass Sie die Nachricht versehentlich erhalten haben, sollten Sie unverz\u00fcglich den Absender und den professionellen Service von SC unter der Adresse: stecocentar@stecocentar.com benachrichtigen und die Nachricht von Ihrem Computer l\u00f6schen. Bitte beachten Sie, dass jede Nachricht, die vom Server - Domain montaznekucesteco.rs und von Personen, die auf dieser Domain registriert sind, gesendet wird, als Gesch\u00e4ftskorrespondenz von Steco Centar d.o.o. betrachtet wird. und dass jede Nachricht ein Gesch\u00e4ftsgeheimnis von Steco Centar d.o.o. darstellt. Dar\u00fcber hinaus k\u00f6nnen bestimmte Inhalte Gesch\u00e4ftsgeheimnisse anderer Unternehmen, Amtsgeheimnisse staatlicher Stellen und sonstige Daten darstellen, die nicht f\u00fcr andere Personen als die Adressaten der Nachricht bestimmt sind.<br>Bitte beachten Sie, dass die Nachricht auch personenbezogene Daten enthalten kann von B\u00fcrgern und Informationen, die dem Schutz sowohl gesetzlicher als auch interner SB-Vorschriften unterliegen und die gem\u00e4\u00df den in diesen Vorschriften geregelten besonderen Verfahren behandelt werden. Die unbefugte Verwendung und Verarbeitung personenbezogener Daten \u00fcber die oben genannten Vorschriften und Verfahren hinaus, die auf unseren Websites angegeben sind, zieht eine gesetzliche Haftung nach sich. Die in den Nachrichten ge\u00e4u\u00dferten Meinungen und Ansichten stellen nicht unbedingt die offiziellen und rechtsverbindlichen Meinungen und Ansichten von Steco Centar d.o.o. F\u00fcr den Fall, dass Sie sie f\u00fcr Zwecke der Gesch\u00e4ftsabwicklung mit SC oder zur Bereitstellung von Informationen ben\u00f6tigen, fordern Sie sie bitte auf klare und eindeutige Weise bei autorisierten Personen von SC an. Die Adressen von autorisierten Personen sowie gegen\u00fcber dem SC kommunikationsberechtigten Personen sind auf unseren Websites und in den \u00f6ffentlichen Registern der L\u00e4nder, in denen das SC t\u00e4tig ist, nicht autorisiert und gesetzlich verboten. Wir machen Sie darauf aufmerksam, dass die unbefugte Nutzung und Verbreitung von Nachrichten oder deren Inhalten in irgendeiner Weise je nach Art der Korrespondenz und dem Inhalt der jeweiligen Nachricht selbst zu einer materiellen, disziplinarischen und\/oder strafrechtlichen Haftung f\u00fchren kann mit gesetzlichen Regelungen. SC verf\u00fcgt \u00fcber die modernsten Verteidigungssysteme f\u00fcr seine Gesch\u00e4ftsnetzwerke gegen Computerviren, sch\u00e4dliche Codes und unbefugtes Eindringen und die Verhinderung ihrer sch\u00e4dlichen Folgen in Bezug auf elektronische Korrespondenz und personenbezogene Daten seiner Mitarbeiter und anderer Personen gem\u00e4\u00df dem h\u00f6chsten internationalen Standards und Vorschriften in diesen Bereichen. In Anbetracht der Praxis im modernen elektronischen Verkehr ist SC jedoch nicht verantwortlich f\u00fcr Folgen, die eine Person aufgrund der in der Nachricht enthaltenen Informationen, des Missbrauchs der Nachricht und ihres Inhalts, des sch\u00e4dlichen Codes oder des Computervirus erleiden kann.<\/p>","protected":false},"excerpt":{"rendered":"<p>Ko Smo Mi? Na\u0161a web adresa je:\u00a0https:\/\/www.stecocentar.com\/ &nbsp; Na\u0161a brend (logo) je: &nbsp; Komentari Kada posetioci ostave komentare na sajtu, prikupljamo podatke prikazane u obrascu za komentare, kao i IP adresu posetioca i string korisni\u010dkog agenta pretra\u017eiva\u010da kako bismo pomogli u otkrivanju ne\u017eeljene po\u0161te. Anonimizovani string kreiran od va\u0161e adrese e-po\u0161te (koji se naziva i [&hellip;]<\/p>\n","protected":false},"author":5,"featured_media":0,"parent":0,"menu_order":0,"comment_status":"closed","ping_status":"closed","template":"","meta":{"rs_blank_template":"","rs_page_bg_color":"","slide_template_v7":"","footnotes":""},"class_list":["post-3","page","type-page","status-publish","hentry"],"_links":{"self":[{"href":"https:\/\/www.stecocentar.com\/de\/wp-json\/wp\/v2\/pages\/3","targetHints":{"allow":["GET"]}}],"collection":[{"href":"https:\/\/www.stecocentar.com\/de\/wp-json\/wp\/v2\/pages"}],"about":[{"href":"https:\/\/www.stecocentar.com\/de\/wp-json\/wp\/v2\/types\/page"}],"author":[{"embeddable":true,"href":"https:\/\/www.stecocentar.com\/de\/wp-json\/wp\/v2\/users\/5"}],"replies":[{"embeddable":true,"href":"https:\/\/www.stecocentar.com\/de\/wp-json\/wp\/v2\/comments?post=3"}],"version-history":[{"count":0,"href":"https:\/\/www.stecocentar.com\/de\/wp-json\/wp\/v2\/pages\/3\/revisions"}],"wp:attachment":[{"href":"https:\/\/www.stecocentar.com\/de\/wp-json\/wp\/v2\/media?parent=3"}],"curies":[{"name":"wp","href":"https:\/\/api.w.org\/{rel}","templated":true}]}}