{"id":3,"date":"2022-12-16T10:37:25","date_gmt":"2022-12-16T09:37:25","guid":{"rendered":"https:\/\/www.stecocentar.com\/?page_id=3"},"modified":"2024-05-27T08:14:33","modified_gmt":"2024-05-27T06:14:33","slug":"uslovi-koristenja","status":"publish","type":"page","link":"https:\/\/www.stecocentar.com\/fr\/uslovi-koristenja\/","title":{"rendered":"CONDITIONS D'UTILISATION"},"content":{"rendered":"<h2 class=\"wp-block-heading\">Qui sommes nous?<\/h2>\r\n<p><b>Notre adresse Internet est<\/b>:\u00a0<a href=\"https:\/\/www.stecocentar.com\/fr\/\">https:\/\/www.stecocentar.com\/<\/a><\/p>\r\n<p>&nbsp;<\/p>\r\n<p><b>Notre marque (logo) est<\/b>:<\/p>\r\n<p><a href=\"https:\/\/www.stecocentar.com\/fr\/\"><img loading=\"lazy\" decoding=\"async\" class=\"wp-image-4335 size-full\" src=\"https:\/\/www.stecocentar.com\/wp-content\/uploads\/2022\/12\/Steco-Centar-Logo-2.png\" alt=\"Steco Centar Logo Novi\" width=\"346\" height=\"93\" srcset=\"https:\/\/www.stecocentar.com\/wp-content\/uploads\/2022\/12\/Steco-Centar-Logo-2.png 346w, https:\/\/www.stecocentar.com\/wp-content\/uploads\/2022\/12\/Steco-Centar-Logo-2-300x81.png 300w\" sizes=\"auto, (max-width: 346px) 100vw, 346px\" \/><\/a><\/p>\r\n<p>&nbsp;<\/p>\r\n<h2>Commentaires<\/h2>\r\n<p>Lorsque les visiteurs laissent des commentaires sur le site, nous collectons les donn\u00e9es affich\u00e9es dans le formulaire de commentaire, ainsi que l'adresse IP du visiteur et la cha\u00eene de l'agent utilisateur du navigateur pour aider \u00e0 d\u00e9tecter le spam.<\/p>\r\n<p>Une cha\u00eene anonymis\u00e9e cr\u00e9\u00e9e \u00e0 partir de votre adresse e-mail (\u00e9galement appel\u00e9e hachage) peut \u00eatre soumise au service Gravatar pour voir si vous l'utilisez. La politique de confidentialit\u00e9 du service Gravatar est disponible ici : https:\/\/automattic.com\/privaci\/. Une fois votre commentaire approuv\u00e9, votre photo de profil est visible publiquement \u00e0 c\u00f4t\u00e9 de votre commentaire.<\/p>\r\n<p>&nbsp;<\/p>\r\n<p>&nbsp;<\/p>\r\n<h2>M\u00e9dias<\/h2>\r\n<p class=\"translation-block\"><strong>Droits d'auteur\u00a0:\u00a0<\/strong> l'int\u00e9gralit\u00e9 du contenu prot\u00e9g\u00e9 par des droits d'auteur, y compris les \u00e9l\u00e9ments graphiques, textuels, de programmation et autres, est prot\u00e9g\u00e9 par la loi actuelle sur le droit d'auteur et les droits connexes. Dans le cas o\u00f9 vous souhaiteriez publier une partie du contenu des sites de Steco<br>quel que soit le support (support \u00e9lectronique, imprim\u00e9 ou Internet), il est obligatoire d'obtenir l'accord \u00e9crit pr\u00e9alable du Steco Center. L'utilisation non autoris\u00e9e sera consid\u00e9r\u00e9e comme une violation des droits d'auteur de Steco et pourra entra\u00eener des poursuites judiciaires. Certaines informations du site Web de Steco peuvent \u00eatre transf\u00e9r\u00e9es sous une forme ad\u00e9quate et il peut \u00eatre clairement indiqu\u00e9 sous une forme ad\u00e9quate que ces informations ont \u00e9t\u00e9 extraites du site Web www.stecocentar.com. \u00bb ainsi que l'obligation suppl\u00e9mentaire de se conformer \u00e0 la loi sur le droit d'auteur et les droits voisins. Tout le mat\u00e9riel de notre site est notre propri\u00e9t\u00e9 exclusive, son utilisation, sa copie et sa publication non autoris\u00e9es sont strictement interdites et punies par la loi.<\/p>\r\n<p>&nbsp;<\/p>\r\n<p>&nbsp;<\/p>\r\n<h2>Cookies<\/h2>\r\n<p>Afin de faciliter l'utilisation de notre site internet, nous utilisons le syst\u00e8me des \"cookies\". Il s'agit de petites unit\u00e9s de donn\u00e9es n\u00e9cessaires \u00e0 l'utilisation de notre site Web, et votre navigateur les stocke temporairement sur le disque dur de votre ordinateur. Les informations contenues dans les \"cookies\" servent, entre autres, principalement \u00e0 une meilleure navigation et permettent une utilisation sans difficult\u00e9 de notre site. Les cookies que nous utilisons ne contiennent aucune donn\u00e9e personnelle stock\u00e9e. La plupart des navigateurs acceptent automatiquement les cookies. Vous pouvez \u00e9viter cela en modifiant les param\u00e8tres de votre navigateur. Les \"cookies\" stock\u00e9s sur votre ordinateur peuvent \u00eatre supprim\u00e9s \u00e0 tout moment en supprimant les fichiers Internet temporaires (\"Outils\/Extras\" - \"Options Internet\" sur la barre du navigateur).<\/p>\r\n<p>&nbsp;<\/p>\r\n<p>&nbsp;<\/p>\r\n<h2>Contenu des r\u00e9seaux sociaux et autres sites<\/h2>\r\n<p class=\"translation-block\">Notre site Web peut contenir des plug-ins du r\u00e9seau social Facebook. com, exploit\u00e9 par Facebook Inc., 1601 S California Avenue, Palo Alto, CA 94303, \u00c9tats-Unis (Facebook). En particulier, il peut s'agir de modules compl\u00e9mentaires tels que le bouton \"J'aime\" ou \"J'aime\" de Facebook ou similaire. Si vous acc\u00e9dez \u00e0 l'un de nos sites Web \u00e9quip\u00e9 de tels plug-ins, votre navigateur Internet \u00e9tablira une connexion directe avec le serveur Facebook et le plug-in s'affichera \u00e0 l'\u00e9cran via la communication avec votre navigateur. Le plugin informera le serveur Facebook de nos sites Web que vous avez visit\u00e9s. Si vous avez un profil Facebook et que vous \u00eates connect\u00e9 \u00e0 votre compte utilisateur Facebook, lorsque vous visitez notre site Web, Facebook transf\u00e9rera ces informations sur votre compte utilisateur Facebook. En utilisant l'une des fonctions du plug-in (par exemple en cliquant sur le bouton J'aime ou en laissant un commentaire), ces informations seront \u00e9galement transf\u00e9r\u00e9es \u00e0 votre compte d'utilisateur sur Facebook. Des informations suppl\u00e9mentaires sur la collecte et l'utilisation des donn\u00e9es par Facebook sur les droits et les possibilit\u00e9s de protection de votre vie priv\u00e9e dans ce contexte peuvent \u00eatre trouv\u00e9es<br>dans les informations sur la protection des donn\u00e9es sur Facebook. Afin d'emp\u00eacher Facebook de lier votre visite sur notre site Internet \u00e0 votre compte Facebook, vous devez vous d\u00e9connecter de votre compte Facebook avant de visiter notre site Internet. Des conditions similaires s'appliquent aux autres r\u00e9seaux r\u00e9pertori\u00e9s sur nos sites Web.<\/p>\r\n<p>&nbsp;<\/p>\r\n<p>Ces sites Web peuvent collecter des donn\u00e9es vous concernant, utiliser des cookies, int\u00e9grer un suivi tiers suppl\u00e9mentaire et surveiller votre interaction avec ce contenu int\u00e9gr\u00e9, y compris le suivi de votre interaction avec le contenu int\u00e9gr\u00e9 si vous avez un compte et \u00eates connect\u00e9 \u00e0 ce site Web.<\/p>\r\n<p>&nbsp;<\/p>\r\n<p>&nbsp;<\/p>\r\n<h2>Collecte et utilisation des donn\u00e9es personnelles<\/h2>\r\n<p class=\"translation-block\">Nous collectons des donn\u00e9es relatives \u00e0 une personne sp\u00e9cifique pour traitement et utilisation uniquement si vous d\u00e9cidez volontairement de saisir ces donn\u00e9es ou si vous y consentez express\u00e9ment. Nous utilisons vos donn\u00e9es personnelles exclusivement dans le but de vous proposer des produits et services qui vous int\u00e9ressent et font partie de notre activit\u00e9. En donnant ce type de consentement, vous acceptez les conditions d'utilisation suivantes. Lorsque vous visitez notre site Web, certaines donn\u00e9es sont automatiquement stock\u00e9es sur nos serveurs en fonction des besoins de gestion du syst\u00e8me, c'est-\u00e0-dire \u00e0 des fins statistiques ou dans le but d'en faire une copie de sauvegarde. Ces donn\u00e9es comprennent le nom de votre fournisseur d'acc\u00e8s Internet, dans certains cas votre adresse IP, la version de votre logiciel de navigation, le syst\u00e8me d'exploitation de l'ordinateur utilis\u00e9 pour acc\u00e9der \u00e0 notre site Web, le site Web que vous utilisez pour nous rendre visite, les sites Web que vous visitez pendant que vous \u00eates en contact avec nous et, si cela s'applique dans la situation donn\u00e9e, tous les mots sur la base desquels vous avez recherch\u00e9 pour acc\u00e9der \u00e0 notre site Web. Selon les circonstances, certaines d\u00e9ductions concernant certains visiteurs du site Web peuvent \u00eatre tir\u00e9es de ces donn\u00e9es. Cependant, aucune donn\u00e9e personnelle n'est utilis\u00e9e dans ce cadre. Ces donn\u00e9es sont utilis\u00e9es exclusivement car elles ont \u00e9t\u00e9 saisies de mani\u00e8re anonyme. Si Steco transf\u00e8re des donn\u00e9es \u00e0 un fournisseur externe, des mesures techniques ou organisationnelles seront prises pour garantir que ce transfert de donn\u00e9es sera effectu\u00e9 conform\u00e9ment \u00e0 la loi sur la protection des donn\u00e9es personnelles. Si vous nous fournissez volontairement vos donn\u00e9es personnelles, nous n'utiliserons, ne traiterons ni ne transf\u00e9rerons ces donn\u00e9es en dehors du cadre autoris\u00e9 par la loi ou du cadre d\u00e9fini par vous dans votre d\u00e9claration de consentement. De plus, nous ne fournirons vos informations que si nous sommes tenus de le faire sur la base d'une ordonnance officielle ou d'un tribunal.<br>Toute modification de cette d\u00e9claration de confidentialit\u00e9 sera publi\u00e9e sur cette page. Cela vous permet d'\u00eatre inform\u00e9 en temps opportun des donn\u00e9es que nous stockons et de la mani\u00e8re dont nous collectons et utilisons ces donn\u00e9es.<\/p>\r\n<p>&nbsp;<\/p>\r\n<p>&nbsp;<\/p>\r\n<h2>S\u00e9curit\u00e9<\/h2>\r\n<p>Steco stockera vos donn\u00e9es en toute s\u00e9curit\u00e9 et prendra donc toutes les mesures n\u00e9cessaires pour prot\u00e9ger vos donn\u00e9es contre la perte, l'utilisation abusive ou les modifications. Les partenaires contractuels de Steco qui ont acc\u00e8s \u00e0 vos donn\u00e9es afin de vous fournir un certain service pour le compte de Steco ont une obligation contractuelle de garder toutes ces donn\u00e9es confidentielles et ne peuvent les utiliser \u00e0 d'autres fins. Dans certains cas, il nous sera n\u00e9cessaire de transmettre vos demandes aux filiales de Steco. M\u00eame dans ces cas, vos donn\u00e9es seront trait\u00e9es de mani\u00e8re confidentielle.<\/p>\r\n<h2>\u00a0<\/h2>\r\n<h2>Vos souhaits et demandes - Votre d\u00e9l\u00e9gu\u00e9 \u00e0 la protection des donn\u00e9es<\/h2>\r\n<p>Les donn\u00e9es stock\u00e9es seront supprim\u00e9es par Steco \u00e0 l'expiration du d\u00e9lai l\u00e9gal ou \u00e0 l'expiration de la p\u00e9riode de stockage contractuelle, ou si Steco n'en a plus besoin. A tout moment, vous pouvez bien entendu demander la suppression des donn\u00e9es vous concernant. Vous avez \u00e9galement le droit de retirer \u00e0 tout moment le consentement que vous avez donn\u00e9 pour le traitement futur de vos donn\u00e9es personnelles. Dans de tels cas, si vous avez d'autres souhaits concernant les donn\u00e9es relatives \u00e0 votre personnalit\u00e9, veuillez envoyer un e-mail \u00e0 notre adresse. Nous vous demandons \u00e9galement de nous contacter de cette mani\u00e8re si vous souhaitez savoir si nous avons collect\u00e9 des donn\u00e9es vous concernant et, si oui, de quelles donn\u00e9es il s'agit. Nous nous assurerons de r\u00e9pondre imm\u00e9diatement \u00e0 votre question.<\/p>\r\n<p>&nbsp;<\/p>\r\n<p>&nbsp;<\/p>\r\n<h2>R\u00e8gles de messagerie<\/h2>\r\n<p class=\"translation-block\">Chaque e-mail avec pi\u00e8ces jointes qui circule via le serveur Steco Centar d.o.o.. (ci-apr\u00e8s ensemble : Poruka) est la propri\u00e9t\u00e9 de Steco Centar d.o.o. (ci-apr\u00e8s : SC) et est destin\u00e9 exclusivement au(x) destinataire(s) auquel(s) il est adress\u00e9. Dans le cas o\u00f9 vous pensez avoir re\u00e7u le Message par erreur, vous devez imm\u00e9diatement en informer l'exp\u00e9diteur et le service professionnel de SC \u00e0 l'adresse : stecocentar@stecocentar.com et supprimer le message de votre ordinateur. Veuillez garder \u00e0 l'esprit que chaque message envoy\u00e9 depuis le serveur - domaine montaznekucesteco.rs et par des personnes enregistr\u00e9es sur ce domaine, est consid\u00e9r\u00e9 comme une correspondance commerciale de Steco Centar d.o.o. et que chaque Message repr\u00e9sente un secret commercial de Steco Centar d.o.o. En outre, certains contenus peuvent repr\u00e9senter des secrets commerciaux d'autres soci\u00e9t\u00e9s, des secrets officiels d'organismes \u00e9tatiques et d'autres donn\u00e9es qui ne sont pas destin\u00e9es \u00e0 d'autres personnes que celles auxquelles le Message est adress\u00e9.<br>Veuillez noter que le Message peut \u00e9galement contenir des donn\u00e9es personnelles des citoyens et des informations qui sont soumises \u00e0 la protection des r\u00e9glementations l\u00e9gales et internes de SC, et qui sont trait\u00e9es selon des proc\u00e9dures sp\u00e9ciales r\u00e9glement\u00e9es par ces r\u00e9glementations. L'utilisation et le traitement non autoris\u00e9s des donn\u00e9es personnelles au-del\u00e0 des r\u00e9glementations et proc\u00e9dures susmentionn\u00e9es, sp\u00e9cifi\u00e9es sur nos sites Web, entra\u00eenent une responsabilit\u00e9 l\u00e9gale. Les opinions et points de vue exprim\u00e9s dans les Messages ne repr\u00e9sentent pas n\u00e9cessairement les opinions et points de vue officiels et juridiquement contraignants de Steco Centar d.o.o. Si vous en avez besoin pour faire des affaires avec SC ou fournir des informations, veuillez les demander aux personnes autoris\u00e9es de SC de mani\u00e8re claire et sans ambigu\u00eft\u00e9. Les adresses des personnes autoris\u00e9es ainsi que des personnes autoris\u00e9es \u00e0 communiquer devant la SC sont disponibles sur nos sites Internet et dans les registres publics des pays dans lesquels la SC op\u00e8re, non autoris\u00e9es et interdites par la loi. Nous attirons votre attention sur le fait que l'utilisation et la diffusion non autoris\u00e9es des Messages ou de leur contenu de quelque mani\u00e8re que ce soit peuvent engager votre responsabilit\u00e9 mat\u00e9rielle, disciplinaire et\/ou p\u00e9nale en fonction du type de correspondance et du contenu du Message sp\u00e9cifique lui-m\u00eame, et conform\u00e9ment avec les r\u00e9glementations l\u00e9gales. SC dispose des syst\u00e8mes de d\u00e9fense les plus modernes pour ses r\u00e9seaux d'entreprise contre les virus informatiques, les codes nuisibles et les intrusions non autoris\u00e9es et la pr\u00e9vention de leurs cons\u00e9quences n\u00e9fastes en ce qui concerne la correspondance \u00e9lectronique et les donn\u00e9es personnelles de ses employ\u00e9s et d'autres personnes, conform\u00e9ment \u00e0 la normes et r\u00e9glementations internationales les plus \u00e9lev\u00e9es dans ces domaines. Cependant, compte tenu de la pratique du trafic \u00e9lectronique moderne, SC n'est pas responsable des cons\u00e9quences pouvant \u00eatre subies par toute personne en raison des informations contenues dans le Message, de l'utilisation abusive du Message et de son contenu, d'un code nuisible ou d'un virus informatique.<\/p>","protected":false},"excerpt":{"rendered":"<p>Ko Smo Mi? Na\u0161a web adresa je:\u00a0https:\/\/www.stecocentar.com\/ &nbsp; Na\u0161a brend (logo) je: &nbsp; Komentari Kada posetioci ostave komentare na sajtu, prikupljamo podatke prikazane u obrascu za komentare, kao i IP adresu posetioca i string korisni\u010dkog agenta pretra\u017eiva\u010da kako bismo pomogli u otkrivanju ne\u017eeljene po\u0161te. Anonimizovani string kreiran od va\u0161e adrese e-po\u0161te (koji se naziva i [&hellip;]<\/p>\n","protected":false},"author":5,"featured_media":0,"parent":0,"menu_order":0,"comment_status":"closed","ping_status":"closed","template":"","meta":{"rs_blank_template":"","rs_page_bg_color":"","slide_template_v7":"","footnotes":""},"class_list":["post-3","page","type-page","status-publish","hentry"],"_links":{"self":[{"href":"https:\/\/www.stecocentar.com\/fr\/wp-json\/wp\/v2\/pages\/3","targetHints":{"allow":["GET"]}}],"collection":[{"href":"https:\/\/www.stecocentar.com\/fr\/wp-json\/wp\/v2\/pages"}],"about":[{"href":"https:\/\/www.stecocentar.com\/fr\/wp-json\/wp\/v2\/types\/page"}],"author":[{"embeddable":true,"href":"https:\/\/www.stecocentar.com\/fr\/wp-json\/wp\/v2\/users\/5"}],"replies":[{"embeddable":true,"href":"https:\/\/www.stecocentar.com\/fr\/wp-json\/wp\/v2\/comments?post=3"}],"version-history":[{"count":0,"href":"https:\/\/www.stecocentar.com\/fr\/wp-json\/wp\/v2\/pages\/3\/revisions"}],"wp:attachment":[{"href":"https:\/\/www.stecocentar.com\/fr\/wp-json\/wp\/v2\/media?parent=3"}],"curies":[{"name":"wp","href":"https:\/\/api.w.org\/{rel}","templated":true}]}}