{"id":2590,"date":"2025-11-07T13:00:44","date_gmt":"2025-11-07T12:00:44","guid":{"rendered":"http:\/\/demo.goodlayers.com\/realfactory\/?page_id=2590"},"modified":"2025-11-07T13:07:21","modified_gmt":"2025-11-07T12:07:21","slug":"montazne-kuce","status":"publish","type":"page","link":"https:\/\/www.stecocentar.com\/sl\/montazne-kuce\/","title":{"rendered":"MONTA\u017dNE HI\u0160E"},"content":{"rendered":"<p>MONTA\u017dNE HI\u0160E <\/p>","protected":false},"excerpt":{"rendered":"<p>MONTA\u017dNE HI\u0160E<\/p>","protected":false},"author":5,"featured_media":6280,"parent":0,"menu_order":0,"comment_status":"closed","ping_status":"closed","template":"","meta":{"rs_blank_template":"","rs_page_bg_color":"","slide_template_v7":"","footnotes":""},"class_list":["post-2590","page","type-page","status-publish","has-post-thumbnail","hentry"],"_links":{"self":[{"href":"https:\/\/www.stecocentar.com\/sl\/wp-json\/wp\/v2\/pages\/2590","targetHints":{"allow":["GET"]}}],"collection":[{"href":"https:\/\/www.stecocentar.com\/sl\/wp-json\/wp\/v2\/pages"}],"about":[{"href":"https:\/\/www.stecocentar.com\/sl\/wp-json\/wp\/v2\/types\/page"}],"author":[{"embeddable":true,"href":"https:\/\/www.stecocentar.com\/sl\/wp-json\/wp\/v2\/users\/5"}],"replies":[{"embeddable":true,"href":"https:\/\/www.stecocentar.com\/sl\/wp-json\/wp\/v2\/comments?post=2590"}],"version-history":[{"count":5,"href":"https:\/\/www.stecocentar.com\/sl\/wp-json\/wp\/v2\/pages\/2590\/revisions"}],"predecessor-version":[{"id":10268,"href":"https:\/\/www.stecocentar.com\/sl\/wp-json\/wp\/v2\/pages\/2590\/revisions\/10268"}],"wp:featuredmedia":[{"embeddable":true,"href":"https:\/\/www.stecocentar.com\/sl\/wp-json\/wp\/v2\/media\/6280"}],"wp:attachment":[{"href":"https:\/\/www.stecocentar.com\/sl\/wp-json\/wp\/v2\/media?parent=2590"}],"curies":[{"name":"wp","href":"https:\/\/api.w.org\/{rel}","templated":true}]}}