{"id":3,"date":"2022-12-16T10:37:25","date_gmt":"2022-12-16T09:37:25","guid":{"rendered":"https:\/\/www.stecocentar.com\/?page_id=3"},"modified":"2024-05-27T08:14:33","modified_gmt":"2024-05-27T06:14:33","slug":"uslovi-koristenja","status":"publish","type":"page","link":"https:\/\/www.stecocentar.com\/sl\/uslovi-koristenja\/","title":{"rendered":"POGOJI UPORABE"},"content":{"rendered":"<h2 class=\"wp-block-heading\">Kdo smo mi?<\/h2>\r\n<p><b>Na\u0161 web naslov je<\/b>:\u00a0<a href=\"https:\/\/www.stecocentar.com\/sl\/\">https:\/\/www.stecocentar.com\/<\/a><\/p>\r\n<p>&nbsp;<\/p>\r\n<p><b>Na\u0161a blagovna znamka (logotip) je<\/b>:<\/p>\r\n<p><a href=\"https:\/\/www.stecocentar.com\/sl\/\"><img loading=\"lazy\" decoding=\"async\" class=\"wp-image-4335 size-full\" src=\"https:\/\/www.stecocentar.com\/wp-content\/uploads\/2022\/12\/Steco-Centar-Logo-2.png\" alt=\"Steco Centar Logo Novi\" width=\"346\" height=\"93\" srcset=\"https:\/\/www.stecocentar.com\/wp-content\/uploads\/2022\/12\/Steco-Centar-Logo-2.png 346w, https:\/\/www.stecocentar.com\/wp-content\/uploads\/2022\/12\/Steco-Centar-Logo-2-300x81.png 300w\" sizes=\"auto, (max-width: 346px) 100vw, 346px\" \/><\/a><\/p>\r\n<p>&nbsp;<\/p>\r\n<h2>Komentarji<\/h2>\r\n<p>Ko obiskovalci pustijo komentarje na spletnem mestu, zberemo podatke, prikazane v obrazcu za komentarje, kot tudi naslov IP obiskovalca in niz uporabni\u0161kega agenta brskalnika, da pomagamo odkriti ne\u017eeleno po\u0161to.<\/p>\r\n<p>Anonimiziran niz, ustvarjen iz va\u0161ega e-po\u0161tnega naslova (imenovan tudi zgo\u0161\u010dena vrednost), lahko po\u0161ljete storitvi Gravatar, da preverite, ali ga uporabljate. Politika zasebnosti storitve Gravatar je na voljo tukaj: https:\/\/automattic.com\/privaci\/. Ko je va\u0161 komentar odobren, je va\u0161a profilna slika vidna javnosti v kontekstu va\u0161ega komentarja.<\/p>\r\n<p>&nbsp;<\/p>\r\n<p>&nbsp;<\/p>\r\n<h2>Mediji<\/h2>\r\n<p class=\"translation-block\"><strong>Avtorske pravice:<\/strong>Celotna avtorsko za\u0161\u010ditena vsebina, ki vklju\u010duje grafi\u010dno, besedilno, programsko in drugo gradivo, je za\u0161\u010ditena z veljavnim Zakonom o avtorski in sorodnih pravicah. V primeru, da \u017eelite objaviti del vsebin s Steco spletnih strani<br>ne glede na medij (elektronski, tiskani ali internetni medij), je obvezno pridobiti predhodno pisno soglasje Steco centra. Nepoobla\u0161\u010dena uporaba bo obravnavana kot kr\u0161itev avtorskih pravic dru\u017ebe Steco in lahko povzro\u010di spro\u017eitev sodnega postopka. Dolo\u010dene informacije s strani Steco lahko prenesemo v ustrezni obliki in mora biti v ustrezni obliki jasno navedeno, da so te informacije prevzete s strani www.stecocentar.com. \u201d ter z nadaljnjo obveznostjo spo\u0161tovanja Zakona o avtorski in sorodnih pravicah. Vse gradivo na na\u0161i strani je izklju\u010dno na\u0161a last, njegova uporaba, nepoobla\u0161\u010deno kopiranje in objava je strogo prepovedana in kazniva z zakonom.<\/p>\r\n<p>&nbsp;<\/p>\r\n<p>&nbsp;<\/p>\r\n<h2>Cookies<\/h2>\r\n<p>Za la\u017ejo uporabo na\u0161e spletne strani uporabljamo sistem \"pi\u0161kotki\". To so majhne enote podatkov, ki so potrebne za uporabo na\u0161e spletne strani in jih va\u0161 brskalnik za\u010dasno shrani na trdi disk va\u0161ega ra\u010dunalnika. Podatki v \"pi\u0161kotkih\" med drugim slu\u017eijo predvsem bolj\u0161i navigaciji in omogo\u010dajo nemoteno uporabo na\u0161e strani. Pi\u0161kotki, ki jih uporabljamo, ne vsebujejo nobenih shranjenih osebnih podatkov. Ve\u010dina brskalnikov samodejno sprejme pi\u0161kotke. Temu se lahko izognete tako, da spremenite nastavitve brskalnika. \"Pi\u0161kotke\", shranjene na va\u0161em ra\u010dunalniku, lahko kadar koli odstranite z brisanjem za\u010dasnih internetnih datotek (\"Orodja\/Dodatki\" - \"Internetne mo\u017enosti\" v vrstici brskalnika).<\/p>\r\n<p>&nbsp;<\/p>\r\n<p>&nbsp;<\/p>\r\n<h2>Vsebina iz dru\u017ebenih omre\u017eij in drugih spletnih mest<\/h2>\r\n<p class=\"translation-block\">Na\u0161e spletno mesto bi lahko imelo vti\u010dnike dru\u017ebenega omre\u017eja Facebook. com, ki ga upravlja Facebook Inc., 1601 S California Avenue, Palo Alto, CA 94303, ZDA (Facebook). Natan\u010dneje, to bi lahko bili dodatki Facebook gumba \u00bbV\u0161e\u010d mi je\u00ab ali \u00bbV\u0161e\u010d mi je\u00ab ali podobno. \u010ce dostopate do enega od na\u0161ih spletnih mest, ki je opremljeno s takimi vti\u010dniki, bo va\u0161 internetni brskalnik vzpostavil neposredno povezavo s stre\u017enikom Facebook in vti\u010dnik bo prikazan na zaslonu prek komunikacije z va\u0161im brskalnikom. Vti\u010dnik bo stre\u017eniku Facebook sporo\u010dil, katero od na\u0161ih spletnih mest ste obiskali. \u010ce imate Facebook profil in ste prijavljeni v svoj Facebook uporabni\u0161ki ra\u010dun, bo Facebook ob obisku na\u0161e spletne strani te podatke prenesel v va\u0161 Facebook uporabni\u0161ki ra\u010dun. Z uporabo katere koli funkcije vti\u010dnika (npr. s klikom na gumb V\u0161e\u010d mi je ali oddajo komentarja) bodo ti podatki preneseni tudi na va\u0161 uporabni\u0161ki ra\u010dun na Facebooku. Dodatne informacije o zbiranju in uporabi podatkov s strani Facebooka o pravicah in mo\u017enostih varovanja va\u0161e zasebnosti v tem kontekstu najdete<br>v informacijah o varstvu podatkov na Facebooku. \u010ce \u017eelite prepre\u010diti, da bi Facebook povezal va\u0161 obisk na\u0161ega spletnega mesta z va\u0161im Facebook ra\u010dunom, se morate pred obiskom na\u0161ega spletnega mesta odjaviti iz svojega Facebook ra\u010duna. Podobni pogoji veljajo za druga omre\u017eja, navedena na na\u0161ih spletnih straneh.<\/p>\r\n<p>&nbsp;<\/p>\r\n<p>These websites may collect data about you, use cookies, embed additional third-party tracking, and monitor your interaction with that embedded content, including tracking your interaction with the embedded content if you have an account and are logged in to that website.<\/p>\r\n<p>&nbsp;<\/p>\r\n<p>&nbsp;<\/p>\r\n<h2>Zbiranje in uporaba osebnih podatkov<\/h2>\r\n<p class=\"translation-block\">Podatke, ki se nana\u0161ajo na dolo\u010deno osebo, zbiramo za obdelavo in uporabo le, \u010de se za vnos teh podatkov prostovoljno odlo\u010dite ali s tem izrecno privolite. Va\u0161e osebne podatke uporabljamo izklju\u010dno za namene ponudbe izdelkov in storitev, ki vas zanimajo in so del na\u0161ega poslovanja. S tovrstnim soglasjem sprejemate naslednje pogoje uporabe. Ko obi\u0161\u010dete na\u0161o spletno stran, se nekateri podatki samodejno shranijo na na\u0161e stre\u017enike glede na potrebe upravljanja sistema, to je za statisti\u010dne namene ali za namene izdelave varnostne kopije. Ti podatki vklju\u010dujejo ime va\u0161ega internetnega ponudnika, v nekaterih primerih va\u0161 naslov IP, razli\u010dico va\u0161ega programskega brskalnika (brskalnik), operacijski ra\u010dunalni\u0161ki sistem, ki se uporablja za dostop do na\u0161e spletne strani, spletno stran, ki jo uporabljate, da nas obi\u0161\u010dete, spletne strani, ki jih obi\u0161\u010dete med ste v stiku z nami in, \u010de je v dani situaciji primerno, vse besede, na podlagi katerih ste iskali, da bi pri\u0161li do na\u0161e spletne strani. Odvisno od okoli\u0161\u010din lahko iz teh podatkov izpeljemo dolo\u010dene zaklju\u010dke o nekaterih obiskovalcih spletnega mesta. Vendar se v tem kontekstu ne uporabljajo osebni podatki. Ti podatki se uporabljajo izklju\u010dno, saj so bili vneseni anonimno. \u010ce bo Steco posredoval podatke kateremu koli zunanjemu ponudniku, bodo izvedeni tehni\u010dni ali organizacijski ukrepi, ki zagotavljajo, da bo ta prenos podatkov izveden v skladu z zakonom o varstvu osebnih podatkov. \u010ce nam prostovoljno posredujete podatke o va\u0161i osebnosti, teh podatkov ne bomo uporabljali, obdelovali ali prena\u0161ali izven okvira, ki ga dovoljuje zakon ali okvira, ki ste ga dolo\u010dili v izjavi o soglasju. Poleg tega bomo va\u0161e podatke posredovali samo, \u010de smo k temu zavezani na podlagi uradne odredbe ali odredbe sodi\u0161\u010da.<br>Vse spremembe te izjave o zasebnosti bodo objavljene na tej strani. To vam omogo\u010da, da ste pravo\u010dasno obve\u0161\u010deni o tem, katere podatke hranimo ter kako te podatke zbiramo in uporabljamo.<\/p>\r\n<p>&nbsp;<\/p>\r\n<p>&nbsp;<\/p>\r\n<h2>Varnost<\/h2>\r\n<p>Steco bo va\u0161e podatke hranil popolnoma varno in bo zato sprejel vse potrebne ukrepe za za\u0161\u010dito va\u0161ih podatkov pred izgubo, zlorabo ali spremembo. Pogodbeni partnerji podjetja Steco, ki imajo dostop do va\u0161ih podatkov, da bi vam lahko zagotovili dolo\u010deno storitev v imenu podjetja Steco, imajo pogodbeno obveznost, da bodo vse te podatke varovali kot zaupne in jih ne morejo uporabiti za noben drug namen. V nekaterih primerih bomo morali va\u0161a povpra\u0161evanja dostaviti h\u010derinskim dru\u017ebam dru\u017ebe Steco. Tudi v teh primerih bodo va\u0161i podatki obravnavani kot zaupni.<\/p>\r\n<h2>\u00a0<\/h2>\r\n<h2>Va\u0161e \u017eelje in zahteve \u2013 poobla\u0161\u010denec za varstvo va\u0161ih podatkov<\/h2>\r\n<p>Shranjene podatke bo Steco izbrisal po izteku zakonskega roka ali po poteku pogodbenega roka hrambe ali \u010de jih Steco ne potrebuje ve\u010d. Seveda lahko kadarkoli zahtevate izbris va\u0161ih podatkov. Prav tako imate pravico kadar koli preklicati soglasje, ki ste ga dali za nadaljnjo obdelavo va\u0161ih osebnih podatkov. V tak\u0161nih primerih, \u010de imate \u0161e kak\u0161no \u017eeljo glede podatkov, ki se nana\u0161ajo na va\u0161o osebnost, nam po\u0161ljite e-po\u0161to na na\u0161 naslov. Prosimo vas tudi, da nas na ta na\u010din kontaktirate, \u010de \u017eelite izvedeti, ali smo o vas zbrali kakr\u0161ne koli podatke in \u010de da, za katere podatke gre. Poskrbeli bomo, da bomo na va\u0161e vpra\u0161anje odgovorili takoj.<\/p>\r\n<p>&nbsp;<\/p>\r\n<p>&nbsp;<\/p>\r\n<h2>Pravila elektronske po\u0161te<\/h2>\r\n<p class=\"translation-block\">Vsako elektronsko sporo\u010dilo s priponkami, ki kro\u017ei po stre\u017eniku Steco Center d.o.o. (v nadaljevanju skupaj: Sporo\u010dilo) je last podjetja Steco Centar d.o.o. (v nadaljevanju: SC) in je namenjena izklju\u010dno prejemniku(-om), na katerega(-e) je naslovljena. V primeru, da menite, da ste sporo\u010dilo prejeli pomotoma, morate nemudoma obvestiti po\u0161iljatelja in strokovne slu\u017ebe SC na naslov: stecocentar@stecocentar.com in sporo\u010dilo izbrisati iz va\u0161ega ra\u010dunalnika. Upo\u0161tevajte, da se vsako sporo\u010dilo, poslano s stre\u017enika - domene montaznekucesteco.rs in s strani oseb, registriranih na tej domeni, \u0161teje za poslovno korespondenco Steco Centra d.o.o. in da vsako sporo\u010dilo predstavlja poslovno skrivnost podjetja Steco Centar d.o.o. Poleg tega lahko dolo\u010dene vsebine predstavljajo poslovne skrivnosti drugih podjetij, uradne skrivnosti dr\u017eavnih organov in druge podatke, ki niso namenjeni drugim osebam kot tistim, na katere je sporo\u010dilo naslovljeno.<br>Upo\u0161tevajte, da lahko sporo\u010dilo vsebuje osebne podatki dr\u017eavljanov in informacije, ki so predmet varstva tako zakonskih kot internih predpisov DZ in se obravnavajo po posebnih postopkih, ki jih ti predpisi urejajo. Nepoobla\u0161\u010dena uporaba in ravnanje z osebnimi podatki mimo zgoraj navedenih predpisov in postopkov, navedenih na na\u0161ih spletnih straneh, pomeni pravno odgovornost. Mnenja in stali\u0161\u010da, izra\u017eena v Sporo\u010dilih, ne predstavljajo nujno uradnih in pravno zavezujo\u010dih mnenj in stali\u0161\u010d dru\u017ebe Steco Centar d.o.o. V primeru, da jih potrebujete za namene poslovanja s SC ali posredovanja informacij, jih na jasen in nedvoumen na\u010din zahtevajte od poobla\u0161\u010denih oseb SC. Naslovi poobla\u0161\u010denih oseb ter oseb, poobla\u0161\u010denih za komuniciranje pred SC, so dostopni na na\u0161ih spletnih straneh in v javnih registrih dr\u017eav, v katerih deluje SC.nepoobla\u0161\u010deno in z zakonom prepovedano. Opozarjamo vas na dejstvo, da lahko nepoobla\u0161\u010dena uporaba in kro\u017eenje sporo\u010dil ali njihove vsebine na kakr\u0161en koli na\u010din povzro\u010di materialno, disciplinsko in\/ali kazensko odgovornost glede na vrsto korespondence in vsebino samega sporo\u010dila ter v skladu z z zakonskimi predpisi. SC ima za svoja poslovna omre\u017eja najsodobnej\u0161e obrambne sisteme pred ra\u010dunalni\u0161kimi virusi, \u0161kodljivimi kodami in nepoobla\u0161\u010denimi vdori ter skrbi za prepre\u010devanje njihovih \u0161kodljivih posledic v zvezi z elektronsko korespondenco in osebnimi podatki svojih zaposlenih in drugih oseb v skladu z z najvi\u0161jimi mednarodnimi standardi in predpisi na teh podro\u010djih. Glede na prakso v sodobnem elektronskem prometu pa SC ne odgovarja za posledice, ki bi jih utrpela katera koli oseba zaradi informacij v sporo\u010dilu, zlorabe sporo\u010dila in njegove vsebine, \u0161kodljive kode ali ra\u010dunalni\u0161kega virusa.<\/p>","protected":false},"excerpt":{"rendered":"<p>Ko Smo Mi? Na\u0161a web adresa je:\u00a0https:\/\/www.stecocentar.com\/ &nbsp; Na\u0161a brend (logo) je: &nbsp; Komentari Kada posetioci ostave komentare na sajtu, prikupljamo podatke prikazane u obrascu za komentare, kao i IP adresu posetioca i string korisni\u010dkog agenta pretra\u017eiva\u010da kako bismo pomogli u otkrivanju ne\u017eeljene po\u0161te. Anonimizovani string kreiran od va\u0161e adrese e-po\u0161te (koji se naziva i [&hellip;]<\/p>\n","protected":false},"author":5,"featured_media":0,"parent":0,"menu_order":0,"comment_status":"closed","ping_status":"closed","template":"","meta":{"rs_blank_template":"","rs_page_bg_color":"","slide_template_v7":"","footnotes":""},"class_list":["post-3","page","type-page","status-publish","hentry"],"_links":{"self":[{"href":"https:\/\/www.stecocentar.com\/sl\/wp-json\/wp\/v2\/pages\/3","targetHints":{"allow":["GET"]}}],"collection":[{"href":"https:\/\/www.stecocentar.com\/sl\/wp-json\/wp\/v2\/pages"}],"about":[{"href":"https:\/\/www.stecocentar.com\/sl\/wp-json\/wp\/v2\/types\/page"}],"author":[{"embeddable":true,"href":"https:\/\/www.stecocentar.com\/sl\/wp-json\/wp\/v2\/users\/5"}],"replies":[{"embeddable":true,"href":"https:\/\/www.stecocentar.com\/sl\/wp-json\/wp\/v2\/comments?post=3"}],"version-history":[{"count":0,"href":"https:\/\/www.stecocentar.com\/sl\/wp-json\/wp\/v2\/pages\/3\/revisions"}],"wp:attachment":[{"href":"https:\/\/www.stecocentar.com\/sl\/wp-json\/wp\/v2\/media?parent=3"}],"curies":[{"name":"wp","href":"https:\/\/api.w.org\/{rel}","templated":true}]}}